{"id":745,"date":"2024-06-27T15:17:15","date_gmt":"2024-06-27T13:17:15","guid":{"rendered":"https:\/\/vecsecity.hu\/?page_id=745"},"modified":"2024-12-04T11:22:34","modified_gmt":"2024-12-04T10:22:34","slug":"online-rezervacie","status":"publish","type":"page","link":"https:\/\/vecsecity.hu\/sk\/online-foglalas\/","title":{"rendered":"Online rezerv\u00e1cie"},"content":{"rendered":"\t\t<div data-elementor-type=\"wp-page\" data-elementor-id=\"745\" class=\"elementor elementor-745\" data-elementor-post-type=\"page\">\n\t\t\t\t<div class=\"elementor-element elementor-element-f9d60f6 e-con-full e-flex e-con e-parent\" data-id=\"f9d60f6\" data-element_type=\"container\" data-e-type=\"container\">\n\t\t<div class=\"elementor-element elementor-element-b5ef436 e-flex e-con-boxed e-con e-child\" data-id=\"b5ef436\" data-element_type=\"container\" data-e-type=\"container\" data-settings=\"{&quot;background_background&quot;:&quot;classic&quot;,&quot;background_motion_fx_motion_fx_scrolling&quot;:&quot;yes&quot;,&quot;background_motion_fx_translateY_effect&quot;:&quot;yes&quot;,&quot;background_motion_fx_translateY_speed&quot;:{&quot;unit&quot;:&quot;px&quot;,&quot;size&quot;:3,&quot;sizes&quot;:[]},&quot;background_motion_fx_translateY_affectedRange&quot;:{&quot;unit&quot;:&quot;%&quot;,&quot;size&quot;:&quot;&quot;,&quot;sizes&quot;:{&quot;start&quot;:0,&quot;end&quot;:100}},&quot;background_motion_fx_devices&quot;:[&quot;desktop&quot;,&quot;tablet&quot;,&quot;mobile&quot;]}\">\n\t\t\t\t\t<div class=\"e-con-inner\">\n\t\t<div class=\"elementor-element elementor-element-3a8bb0e e-con-full e-flex e-con e-child\" data-id=\"3a8bb0e\" data-element_type=\"container\" data-e-type=\"container\">\n\t\t\t\t<div class=\"elementor-element elementor-element-621a69d elementor-widget elementor-widget-heading\" data-id=\"621a69d\" data-element_type=\"widget\" data-e-type=\"widget\" data-widget_type=\"heading.default\">\n\t\t\t\t<div class=\"elementor-widget-container\">\n\t\t\t\t\t<h1 class=\"elementor-heading-title elementor-size-default\">Online foglal\u00e1s<\/h1>\t\t\t\t<\/div>\n\t\t\t\t<\/div>\n\t\t\t\t<div class=\"elementor-element elementor-element-6a1abc0 elementor-widget elementor-widget-text-editor\" data-id=\"6a1abc0\" data-element_type=\"widget\" data-e-type=\"widget\" data-widget_type=\"text-editor.default\">\n\t\t\t\t<div class=\"elementor-widget-container\">\n\t\t\t\t\t\t\t\t\t<p><strong>Garant\u00e1ltan a legjobb \u00e1rak<\/strong><\/p>\t\t\t\t\t\t\t\t<\/div>\n\t\t\t\t<\/div>\n\t\t\t\t<\/div>\n\t\t\t\t\t<\/div>\n\t\t\t\t<\/div>\n\t\t\t\t<\/div>\n\t\t<div class=\"elementor-element elementor-element-b25dcd7 e-flex e-con-boxed e-con e-parent\" data-id=\"b25dcd7\" data-element_type=\"container\" data-e-type=\"container\" data-settings=\"{&quot;background_background&quot;:&quot;classic&quot;}\">\n\t\t\t\t\t<div class=\"e-con-inner\">\n\t\t<div class=\"elementor-element elementor-element-d7399f6 e-con-full e-flex e-con e-child\" data-id=\"d7399f6\" data-element_type=\"container\" data-e-type=\"container\">\n\t\t\t\t<div class=\"elementor-element elementor-element-6d1aee7 elementor-widget elementor-widget-html\" data-id=\"6d1aee7\" data-element_type=\"widget\" data-e-type=\"widget\" data-no-translation=\"\" data-widget_type=\"html.default\">\n\t\t\t\t<div class=\"elementor-widget-container\">\n\t\t\t\t\t<style>.elementor-element-6d1aee7{display:none !important}<\/style>\t\t\t\t<\/div>\n\t\t\t\t<\/div>\n\t\t\t\t<div class=\"elementor-element elementor-element-e8e93f9 elementor-widget elementor-widget-html\" data-id=\"e8e93f9\" data-element_type=\"widget\" data-e-type=\"widget\" data-no-translation=\"\" data-widget_type=\"html.default\">\n\t\t\t\t<div class=\"elementor-widget-container\">\n\t\t\t\t\t<style>.elementor-element-e8e93f9{display:none !important}<\/style>\t\t\t\t<\/div>\n\t\t\t\t<\/div>\n\t\t\t\t<div class=\"elementor-element elementor-element-c5e4492 elementor-widget elementor-widget-html\" data-id=\"c5e4492\" data-element_type=\"widget\" data-e-type=\"widget\" data-no-translation=\"\" data-widget_type=\"html.default\">\n\t\t\t\t<div class=\"elementor-widget-container\">\n\t\t\t\t\t<script src=\"https:\/\/nethotelbooking.net\/embed.RESnWEB.js?id=9XDEV\"><\/script>\t\t\t\t<\/div>\n\t\t\t\t<\/div>\n\t\t\t\t<\/div>\n\t\t\t\t\t<\/div>\n\t\t\t\t<\/div>\n\t\t<div class=\"elementor-element elementor-element-6f3a4fc e-flex e-con-boxed e-con e-parent\" data-id=\"6f3a4fc\" data-element_type=\"container\" data-e-type=\"container\">\n\t\t\t\t\t<div class=\"e-con-inner\">\n\t\t<div class=\"elementor-element elementor-element-eebc4b0 e-con-full service-card e-flex e-con e-child\" data-id=\"eebc4b0\" data-element_type=\"container\" data-e-type=\"container\">\n\t\t<div class=\"elementor-element elementor-element-4302f15 e-con-full service-card--title e-flex e-con e-child\" data-id=\"4302f15\" data-element_type=\"container\" data-e-type=\"container\">\n\t\t\t\t<div class=\"elementor-element elementor-element-58545c9 elementor-widget elementor-widget-heading\" data-id=\"58545c9\" data-element_type=\"widget\" data-e-type=\"widget\" data-widget_type=\"heading.default\">\n\t\t\t\t<div class=\"elementor-widget-container\">\n\t\t\t\t\t<h2 class=\"elementor-heading-title elementor-size-default\">Foglalja le \u00e1lmai kiruccan\u00e1s\u00e1t m\u00e9g ma<\/h2>\t\t\t\t<\/div>\n\t\t\t\t<\/div>\n\t\t\t\t<\/div>\n\t\t<div class=\"elementor-element elementor-element-49be34a e-con-full e-flex e-con e-child\" data-id=\"49be34a\" data-element_type=\"container\" data-e-type=\"container\">\n\t\t<div class=\"elementor-element elementor-element-48da52b e-con-full e-flex e-con e-child\" data-id=\"48da52b\" data-element_type=\"container\" data-e-type=\"container\" data-settings=\"{&quot;motion_fx_motion_fx_scrolling&quot;:&quot;yes&quot;,&quot;motion_fx_translateY_effect&quot;:&quot;yes&quot;,&quot;motion_fx_translateY_speed&quot;:{&quot;unit&quot;:&quot;px&quot;,&quot;size&quot;:0.5,&quot;sizes&quot;:[]},&quot;background_background&quot;:&quot;classic&quot;,&quot;motion_fx_translateY_affectedRange&quot;:{&quot;unit&quot;:&quot;%&quot;,&quot;size&quot;:&quot;&quot;,&quot;sizes&quot;:{&quot;start&quot;:0,&quot;end&quot;:100}},&quot;motion_fx_devices&quot;:[&quot;desktop&quot;,&quot;tablet&quot;,&quot;mobile&quot;]}\">\n\t\t\t\t<div class=\"elementor-element elementor-element-dc44e7b elementor-widget elementor-widget-text-editor\" data-id=\"dc44e7b\" data-element_type=\"widget\" data-e-type=\"widget\" data-widget_type=\"text-editor.default\">\n\t\t\t\t<div class=\"elementor-widget-container\">\n\t\t\t\t\t\t\t\t\t<p><span style=\"font-weight: 500;\">Fedezze fel exkluz\u00edv aj\u00e1nlatainkat \u00e9s foglalja le sz\u00e1ll\u00e1s\u00e1t<\/span><\/p><p>\u00dcdv\u00f6z\u00f6lj\u00fck V\u00e9csecityben, amely a t\u00f6k\u00e9letes \u00fati c\u00e9l p\u00e1rok \u00e9s feln\u0151ttek sz\u00e1m\u00e1ra, akik luxuspihen\u00e9sre v\u00e1gynak a dombok k\u00f6z\u00f6tt. Csendes szob\u00e1ink \u00e9s relax\u00e1ci\u00f3s csomagjaink a t\u00f6k\u00e9letes menek\u00fcl\u00e9st, szabadid\u0151s programjaink pedig v\u00e9gtelen kalandoz\u00e1si lehet\u0151s\u00e9geket k\u00edn\u00e1lnak a k\u00f6zeli dombokon.<\/p>\t\t\t\t\t\t\t\t<\/div>\n\t\t\t\t<\/div>\n\t\t\t\t<\/div>\n\t\t<div class=\"elementor-element elementor-element-b7cf202 e-con-full e-flex e-con e-child\" data-id=\"b7cf202\" data-element_type=\"container\" data-e-type=\"container\">\n\t\t\t\t<div class=\"elementor-element elementor-element-5e0b352 service-card--image elementor-widget elementor-widget-image\" data-id=\"5e0b352\" data-element_type=\"widget\" data-e-type=\"widget\" data-widget_type=\"image.default\">\n\t\t\t\t<div class=\"elementor-widget-container\">\n\t\t\t\t\t\t\t\t\t\t\t\t\t\t\t<img fetchpriority=\"high\" decoding=\"async\" width=\"768\" height=\"1024\" src=\"https:\/\/vecsecity.hu\/wp-content\/uploads\/2024\/06\/VECSECITY-69-768x1024.jpg\" class=\"attachment-large size-large wp-image-757\" alt=\"\" srcset=\"https:\/\/vecsecity.hu\/wp-content\/uploads\/2024\/06\/VECSECITY-69-768x1024.jpg 768w, https:\/\/vecsecity.hu\/wp-content\/uploads\/2024\/06\/VECSECITY-69-225x300.jpg 225w, https:\/\/vecsecity.hu\/wp-content\/uploads\/2024\/06\/VECSECITY-69-1152x1536.jpg 1152w, https:\/\/vecsecity.hu\/wp-content\/uploads\/2024\/06\/VECSECITY-69-1536x2048.jpg 1536w, https:\/\/vecsecity.hu\/wp-content\/uploads\/2024\/06\/VECSECITY-69.jpg 1620w\" sizes=\"(max-width: 768px) 100vw, 768px\" \/>\t\t\t\t\t\t\t\t\t\t\t\t\t\t\t<\/div>\n\t\t\t\t<\/div>\n\t\t\t\t<\/div>\n\t\t\t\t<\/div>\n\t\t\t\t<\/div>\n\t\t\t\t\t<\/div>\n\t\t\t\t<\/div>\n\t\t\t\t<\/div>\n\t\t","protected":false},"excerpt":{"rendered":"<p>Online foglal\u00e1s Garant\u00e1ltan a legjobb \u00e1rak Foglalja le \u00e1lmai kiruccan\u00e1s\u00e1t m\u00e9g ma Fedezze fel exkluz\u00edv aj\u00e1nlatainkat \u00e9s foglalja le sz\u00e1ll\u00e1s\u00e1t \u00dcdv\u00f6z\u00f6lj\u00fck V\u00e9csecityben, amely a t\u00f6k\u00e9letes \u00fati c\u00e9l p\u00e1rok \u00e9s feln\u0151ttek sz\u00e1m\u00e1ra, akik luxuspihen\u00e9sre v\u00e1gynak a dombok k\u00f6z\u00f6tt. Csendes szob\u00e1ink \u00e9s relax\u00e1ci\u00f3s csomagjaink a t\u00f6k\u00e9letes menek\u00fcl\u00e9st, szabadid\u0151s programjaink pedig v\u00e9gtelen kalandoz\u00e1si lehet\u0151s\u00e9geket k\u00edn\u00e1lnak a k\u00f6zeli dombokon.<\/p>","protected":false},"author":1,"featured_media":0,"parent":0,"menu_order":0,"comment_status":"closed","ping_status":"closed","template":"","meta":{"_seopress_robots_primary_cat":"","_seopress_titles_title":"","_seopress_titles_desc":"","_seopress_robots_index":"","footnotes":""},"class_list":["post-745","page","type-page","status-publish","hentry"],"_links":{"self":[{"href":"https:\/\/vecsecity.hu\/sk\/wp-json\/wp\/v2\/pages\/745","targetHints":{"allow":["GET"]}}],"collection":[{"href":"https:\/\/vecsecity.hu\/sk\/wp-json\/wp\/v2\/pages"}],"about":[{"href":"https:\/\/vecsecity.hu\/sk\/wp-json\/wp\/v2\/types\/page"}],"author":[{"embeddable":true,"href":"https:\/\/vecsecity.hu\/sk\/wp-json\/wp\/v2\/users\/1"}],"replies":[{"embeddable":true,"href":"https:\/\/vecsecity.hu\/sk\/wp-json\/wp\/v2\/comments?post=745"}],"version-history":[{"count":43,"href":"https:\/\/vecsecity.hu\/sk\/wp-json\/wp\/v2\/pages\/745\/revisions"}],"predecessor-version":[{"id":3631,"href":"https:\/\/vecsecity.hu\/sk\/wp-json\/wp\/v2\/pages\/745\/revisions\/3631"}],"wp:attachment":[{"href":"https:\/\/vecsecity.hu\/sk\/wp-json\/wp\/v2\/media?parent=745"}],"curies":[{"name":"wp","href":"https:\/\/api.w.org\/{rel}","templated":true}]}}