{"id":598,"date":"2024-06-26T21:08:38","date_gmt":"2024-06-26T19:08:38","guid":{"rendered":"https:\/\/vecsecity.hu\/?page_id=598"},"modified":"2025-05-22T12:26:31","modified_gmt":"2025-05-22T10:26:31","slug":"karrier","status":"publish","type":"page","link":"https:\/\/vecsecity.hu\/sk\/karrier\/","title":{"rendered":"Karrier"},"content":{"rendered":"\t\t<div data-elementor-type=\"wp-page\" data-elementor-id=\"598\" class=\"elementor elementor-598\" data-elementor-post-type=\"page\">\n\t\t\t\t<div class=\"elementor-element elementor-element-f163dc0 e-con-full e-flex e-con e-parent\" data-id=\"f163dc0\" data-element_type=\"container\" data-e-type=\"container\">\n\t\t<div class=\"elementor-element elementor-element-b5ae065 e-flex e-con-boxed e-con e-child\" data-id=\"b5ae065\" data-element_type=\"container\" data-e-type=\"container\" data-settings=\"{&quot;background_background&quot;:&quot;classic&quot;,&quot;background_motion_fx_motion_fx_scrolling&quot;:&quot;yes&quot;,&quot;background_motion_fx_translateY_effect&quot;:&quot;yes&quot;,&quot;background_motion_fx_translateY_speed&quot;:{&quot;unit&quot;:&quot;px&quot;,&quot;size&quot;:3,&quot;sizes&quot;:[]},&quot;background_motion_fx_translateY_affectedRange&quot;:{&quot;unit&quot;:&quot;%&quot;,&quot;size&quot;:&quot;&quot;,&quot;sizes&quot;:{&quot;start&quot;:0,&quot;end&quot;:100}},&quot;background_motion_fx_devices&quot;:[&quot;desktop&quot;,&quot;tablet&quot;,&quot;mobile&quot;]}\">\n\t\t\t\t\t<div class=\"e-con-inner\">\n\t\t<div class=\"elementor-element elementor-element-fc81237 e-con-full e-flex e-con e-child\" data-id=\"fc81237\" data-element_type=\"container\" data-e-type=\"container\">\n\t\t\t\t<div class=\"elementor-element elementor-element-5bcbec2 elementor-widget elementor-widget-heading\" data-id=\"5bcbec2\" data-element_type=\"widget\" data-e-type=\"widget\" data-widget_type=\"heading.default\">\n\t\t\t\t<div class=\"elementor-widget-container\">\n\t\t\t\t\t<h1 class=\"elementor-heading-title elementor-size-default\">Karrier<\/h1>\t\t\t\t<\/div>\n\t\t\t\t<\/div>\n\t\t\t\t<\/div>\n\t\t\t\t\t<\/div>\n\t\t\t\t<\/div>\n\t\t\t\t<\/div>\n\t\t<div class=\"elementor-element elementor-element-d0cb7af e-flex e-con-boxed e-con e-parent\" data-id=\"d0cb7af\" data-element_type=\"container\" data-e-type=\"container\" data-settings=\"{&quot;background_background&quot;:&quot;classic&quot;}\">\n\t\t\t\t\t<div class=\"e-con-inner\">\n\t\t\t\t<div class=\"elementor-element elementor-element-62411e6 elementor-absolute e-transform elementor-widget elementor-widget-image\" data-id=\"62411e6\" data-element_type=\"widget\" data-e-type=\"widget\" data-settings=\"{&quot;_position&quot;:&quot;absolute&quot;,&quot;_transform_rotateZ_effect&quot;:{&quot;unit&quot;:&quot;px&quot;,&quot;size&quot;:-45,&quot;sizes&quot;:[]},&quot;_transform_rotateZ_effect_tablet&quot;:{&quot;unit&quot;:&quot;deg&quot;,&quot;size&quot;:&quot;&quot;,&quot;sizes&quot;:[]},&quot;_transform_rotateZ_effect_mobile&quot;:{&quot;unit&quot;:&quot;deg&quot;,&quot;size&quot;:&quot;&quot;,&quot;sizes&quot;:[]}}\" data-widget_type=\"image.default\">\n\t\t\t\t<div class=\"elementor-widget-container\">\n\t\t\t\t\t\t\t\t\t\t\t\t\t\t\t<img fetchpriority=\"high\" decoding=\"async\" width=\"641\" height=\"1024\" src=\"https:\/\/vecsecity.hu\/wp-content\/uploads\/2024\/06\/pattern_dark-641x1024.png\" class=\"attachment-large size-large wp-image-613\" alt=\"\" srcset=\"https:\/\/vecsecity.hu\/wp-content\/uploads\/2024\/06\/pattern_dark-641x1024.png 641w, https:\/\/vecsecity.hu\/wp-content\/uploads\/2024\/06\/pattern_dark-188x300.png 188w, https:\/\/vecsecity.hu\/wp-content\/uploads\/2024\/06\/pattern_dark-768x1227.png 768w, https:\/\/vecsecity.hu\/wp-content\/uploads\/2024\/06\/pattern_dark-961x1536.png 961w, https:\/\/vecsecity.hu\/wp-content\/uploads\/2024\/06\/pattern_dark-1282x2048.png 1282w, https:\/\/vecsecity.hu\/wp-content\/uploads\/2024\/06\/pattern_dark.png 1335w\" sizes=\"(max-width: 641px) 100vw, 641px\" \/>\t\t\t\t\t\t\t\t\t\t\t\t\t\t\t<\/div>\n\t\t\t\t<\/div>\n\t\t<div class=\"elementor-element elementor-element-8e2c59d e-con-full e-flex e-con e-child\" data-id=\"8e2c59d\" data-element_type=\"container\" data-e-type=\"container\">\n\t\t<div class=\"elementor-element elementor-element-6a892af e-con-full e-flex e-con e-child\" data-id=\"6a892af\" data-element_type=\"container\" data-e-type=\"container\">\n\t\t<div class=\"elementor-element elementor-element-f9010c7 e-con-full e-flex e-con e-child\" data-id=\"f9010c7\" data-element_type=\"container\" data-e-type=\"container\">\n\t\t\t\t<div class=\"elementor-element elementor-element-02c4b50 elementor-widget elementor-widget-heading\" data-id=\"02c4b50\" data-element_type=\"widget\" data-e-type=\"widget\" data-widget_type=\"heading.default\">\n\t\t\t\t<div class=\"elementor-widget-container\">\n\t\t\t\t\t<h2 class=\"elementor-heading-title elementor-size-default\">Nyitott poz\u00edci\u00f3k<\/h2>\t\t\t\t<\/div>\n\t\t\t\t<\/div>\n\t\t\t\t<div class=\"elementor-element elementor-element-6a51ad9 elementor-widget elementor-widget-text-editor\" data-id=\"6a51ad9\" data-element_type=\"widget\" data-e-type=\"widget\" data-widget_type=\"text-editor.default\">\n\t\t\t\t<div class=\"elementor-widget-container\">\n\t\t\t\t\t\t\t\t\t<p>K\u00e9rd\u00e9se van, vagy seg\u00edts\u00e9gre van sz\u00fcks\u00e9ge? Forduljon hozz\u00e1nk.<\/p>\t\t\t\t\t\t\t\t<\/div>\n\t\t\t\t<\/div>\n\t\t\t\t<\/div>\n\t\t<div class=\"elementor-element elementor-element-fbe7d5e e-con-full e-flex e-con e-child\" data-id=\"fbe7d5e\" data-element_type=\"container\" data-e-type=\"container\" data-settings=\"{&quot;background_background&quot;:&quot;classic&quot;}\">\n\t\t\t\t<div class=\"elementor-element elementor-element-5e15bd5 elementor-widget elementor-widget-n-accordion\" data-id=\"5e15bd5\" data-element_type=\"widget\" data-e-type=\"widget\" data-settings=\"{&quot;n_accordion_animation_duration&quot;:{&quot;unit&quot;:&quot;ms&quot;,&quot;size&quot;:300,&quot;sizes&quot;:[]},&quot;default_state&quot;:&quot;all_collapsed&quot;,&quot;max_items_expended&quot;:&quot;one&quot;}\" data-widget_type=\"nested-accordion.default\">\n\t\t\t\t<div class=\"elementor-widget-container\">\n\t\t\t\t\t\t\t<div class=\"e-n-accordion\" aria-label=\"Accordion. Open links with Enter or Space, close with Escape, and navigate with Arrow Keys\">\n\t\t\t\t\t\t<details id=\"e-n-accordion-item-9860\" class=\"e-n-accordion-item\" >\n\t\t\t\t<summary class=\"e-n-accordion-item-title\" data-accordion-index=\"1\" tabindex=\"0\" aria-expanded=\"false\" aria-controls=\"e-n-accordion-item-9860\" >\n\t\t\t\t\t<span class='e-n-accordion-item-title-header'><div class=\"e-n-accordion-item-title-text\"> Szak\u00e1cs <\/div><\/span>\n\t\t\t\t\t\t\t<span class='e-n-accordion-item-title-icon'>\n\t\t\t<span class='e-opened' ><svg xmlns=\"http:\/\/www.w3.org\/2000\/svg\" width=\"24\" height=\"24\" viewBox=\"0 0 24 24\" fill=\"none\"><path d=\"M12 5V19M5 12H19\" stroke=\"#101B42\" stroke-width=\"2\" stroke-linecap=\"round\" stroke-linejoin=\"round\"><\/path><\/svg><\/span>\n\t\t\t<span class='e-closed'><svg xmlns=\"http:\/\/www.w3.org\/2000\/svg\" width=\"24\" height=\"24\" viewBox=\"0 0 24 24\" fill=\"none\"><path d=\"M12 5V19M5 12H19\" stroke=\"#101B42\" stroke-width=\"2\" stroke-linecap=\"round\" stroke-linejoin=\"round\"><\/path><\/svg><\/span>\n\t\t<\/span>\n\n\t\t\t\t\t\t<\/summary>\n\t\t\t\t<div role=\"region\" aria-labelledby=\"e-n-accordion-item-9860\" class=\"elementor-element elementor-element-1f6a847 e-con-full e-flex e-con e-child\" data-id=\"1f6a847\" data-element_type=\"container\" data-e-type=\"container\">\n\t\t\t\t<div class=\"elementor-element elementor-element-1c47602 elementor-widget elementor-widget-text-editor\" data-id=\"1c47602\" data-element_type=\"widget\" data-e-type=\"widget\" data-widget_type=\"text-editor.default\">\n\t\t\t\t<div class=\"elementor-widget-container\">\n\t\t\t\t\t\t\t\t\t<p><u>F\u0151bb feladatok:<\/u><\/p><ul><li>a sz\u00e1lloda k\u00edn\u00e1lat\u00e1ban szerepl\u0151 \u00e9telek recept\u00fara szerinti elk\u00e9sz\u00edt\u00e9se<\/li><li>tiszta \u00e9s \u00e1tl\u00e1that\u00f3 munkater\u00fclet folyamatos fenntart\u00e1sa<\/li><li>g\u00e9pek \u00e9s berendez\u00e9sek el\u0151\u00edr\u00e1sszer\u0171 haszn\u00e1lata, tiszt\u00e1n tart\u00e1sa<\/li><li>az elk\u00e9sz\u00edtett \u00e9telek adagol\u00e1sa, t\u00e1lal\u00e1sa, d\u00edsz\u00edt\u00e9se \u00e9s t\u00e1rol\u00e1sa a HACCP-nek megfelel\u0151en<\/li><li>egy\u00fcttm\u0171k\u00f6d\u00e9s a sz\u00e1lloda vend\u00e9gl\u00e1t\u00f3egys\u00e9geivel<\/li><li>kreat\u00edv munkav\u00e9gz\u00e9s<\/li><\/ul><p>\u00a0<\/p><p><u>Elv\u00e1r\u00e1sok:<\/u><\/p><ul><li>szakmai v\u00e9gzetts\u00e9g<\/li><li>udvarias, kedves, vid\u00e1m szem\u00e9lyis\u00e9g, aki mag\u00e1ra \u00e9s a k\u00f6rnyezet\u00e9re is ig\u00e9nyes<\/li><\/ul><p>\u00a0<\/p><p><u>El\u0151ny:<\/u><\/p><ul><li>2-3 \u00e9ves tapasztalat<\/li><\/ul><p>\u00a0<\/p><p><u>Amit k\u00edn\u00e1lunk:<\/u><\/p><ul><li>teljes munkaidej\u0171 bejelentett munkaviszony<\/li><li>munkanapokon szem\u00e9lyzeti sz\u00e1ll\u00e1s \u00e9s \u00e9tkez\u00e9s, \u00fatik\u00f6lts\u00e9g t\u00e9r\u00edt\u00e9s<\/li><\/ul><p><br \/>F\u00e9nyk\u00e9pes \u00f6n\u00e9letrajzokat k\u00e9r\u00fcnk a munkak\u00f6r megjel\u00f6l\u00e9s\u00e9vel az al\u00e1bbi email c\u00edmre.<\/p><p><a href=\"mailto:invet@t-online.hu\">invet@t-online.hu<\/a><\/p>\t\t\t\t\t\t\t\t<\/div>\n\t\t\t\t<\/div>\n\t\t\t\t<\/div>\n\t\t\t\t\t<\/details>\n\t\t\t\t\t\t<details id=\"e-n-accordion-item-9861\" class=\"e-n-accordion-item\" >\n\t\t\t\t<summary class=\"e-n-accordion-item-title\" data-accordion-index=\"2\" tabindex=\"-1\" aria-expanded=\"false\" aria-controls=\"e-n-accordion-item-9861\" >\n\t\t\t\t\t<span class='e-n-accordion-item-title-header'><div class=\"e-n-accordion-item-title-text\"> Pinc\u00e9r <\/div><\/span>\n\t\t\t\t\t\t\t<span class='e-n-accordion-item-title-icon'>\n\t\t\t<span class='e-opened' ><svg xmlns=\"http:\/\/www.w3.org\/2000\/svg\" width=\"24\" height=\"24\" viewBox=\"0 0 24 24\" fill=\"none\"><path d=\"M12 5V19M5 12H19\" stroke=\"#101B42\" stroke-width=\"2\" stroke-linecap=\"round\" stroke-linejoin=\"round\"><\/path><\/svg><\/span>\n\t\t\t<span class='e-closed'><svg xmlns=\"http:\/\/www.w3.org\/2000\/svg\" width=\"24\" height=\"24\" viewBox=\"0 0 24 24\" fill=\"none\"><path d=\"M12 5V19M5 12H19\" stroke=\"#101B42\" stroke-width=\"2\" stroke-linecap=\"round\" stroke-linejoin=\"round\"><\/path><\/svg><\/span>\n\t\t<\/span>\n\n\t\t\t\t\t\t<\/summary>\n\t\t\t\t<div role=\"region\" aria-labelledby=\"e-n-accordion-item-9861\" class=\"elementor-element elementor-element-55c1bbb e-con-full e-flex e-con e-child\" data-id=\"55c1bbb\" data-element_type=\"container\" data-e-type=\"container\">\n\t\t\t\t<div class=\"elementor-element elementor-element-9266849 elementor-widget elementor-widget-text-editor\" data-id=\"9266849\" data-element_type=\"widget\" data-e-type=\"widget\" data-widget_type=\"text-editor.default\">\n\t\t\t\t<div class=\"elementor-widget-container\">\n\t\t\t\t\t\t\t\t\t<p><u>F\u0151bb feladatok:<\/u><\/p><ul><li>napi sz\u00e1llodai rutin \u00e9s a&#8217;la carte \u00e9tkeztet\u00e9s<\/li><li>\u00e9tterem el\u0151k\u00e9sz\u00edt\u00e9se az \u00e9tkez\u00e9sekhez (ter\u00edt\u00e9s \u00e9s takar\u00edt\u00e1s)<\/li><li>sz\u00e1llodai vend\u00e9gek reggeliztet\u00e9se \u00e9s vacsor\u00e1ztat\u00e1sa<\/li><li>a la&#8217; carte eb\u00e9deltet\u00e9s<\/li><li>a vend\u00e9gek udvarias \u00e9s gyors kiszolg\u00e1l\u00e1sa<\/li><li>sz\u00fcks\u00e9g eset\u00e9n a szobaszervizi feladatok ell\u00e1t\u00e1sa<\/li><\/ul><p>\u00a0<\/p><p><u>Elv\u00e1r\u00e1sok:<\/u><\/p><ul><li>szakmai v\u00e9gzetts\u00e9g<\/li><li>udvarias, kedves, vid\u00e1m szem\u00e9lyis\u00e9g, aki mag\u00e1ra \u00e9s a k\u00f6rnyezet\u00e9re is ig\u00e9nyes<\/li><\/ul><p>\u00a0<\/p><p><u>El\u0151ny:<\/u><\/p><ul><li>2-3 \u00e9ves tapasztalat<\/li><\/ul><p>\u00a0<\/p><p><u>Amit k\u00edn\u00e1lunk:<\/u><\/p><ul><li>teljes munkaidej\u0171 bejelentett munkaviszony<\/li><li>munkanapokon szem\u00e9lyzeti sz\u00e1ll\u00e1s \u00e9s \u00e9tkez\u00e9s, \u00fatik\u00f6lts\u00e9g t\u00e9r\u00edt\u00e9s<\/li><\/ul><p>\u00a0<\/p><p>F\u00e9nyk\u00e9pes \u00f6n\u00e9letrajzokat k\u00e9r\u00fcnk a munkak\u00f6r megjel\u00f6l\u00e9s\u00e9vel az al\u00e1bbi email c\u00edmre.<\/p><p><a href=\"mailto:invet@t-online.hu\">invet@t-online.hu<\/a><\/p>\t\t\t\t\t\t\t\t<\/div>\n\t\t\t\t<\/div>\n\t\t\t\t<\/div>\n\t\t\t\t\t<\/details>\n\t\t\t\t\t\t<details id=\"e-n-accordion-item-9862\" class=\"e-n-accordion-item\" >\n\t\t\t\t<summary class=\"e-n-accordion-item-title\" data-accordion-index=\"3\" tabindex=\"-1\" aria-expanded=\"false\" aria-controls=\"e-n-accordion-item-9862\" >\n\t\t\t\t\t<span class='e-n-accordion-item-title-header'><div class=\"e-n-accordion-item-title-text\"> Recepci\u00f3s <\/div><\/span>\n\t\t\t\t\t\t\t<span class='e-n-accordion-item-title-icon'>\n\t\t\t<span class='e-opened' ><svg xmlns=\"http:\/\/www.w3.org\/2000\/svg\" width=\"24\" height=\"24\" viewBox=\"0 0 24 24\" fill=\"none\"><path d=\"M12 5V19M5 12H19\" stroke=\"#101B42\" stroke-width=\"2\" stroke-linecap=\"round\" stroke-linejoin=\"round\"><\/path><\/svg><\/span>\n\t\t\t<span class='e-closed'><svg xmlns=\"http:\/\/www.w3.org\/2000\/svg\" width=\"24\" height=\"24\" viewBox=\"0 0 24 24\" fill=\"none\"><path d=\"M12 5V19M5 12H19\" stroke=\"#101B42\" stroke-width=\"2\" stroke-linecap=\"round\" stroke-linejoin=\"round\"><\/path><\/svg><\/span>\n\t\t<\/span>\n\n\t\t\t\t\t\t<\/summary>\n\t\t\t\t<div role=\"region\" aria-labelledby=\"e-n-accordion-item-9862\" class=\"elementor-element elementor-element-6c7b7d2 e-con-full e-flex e-con e-child\" data-id=\"6c7b7d2\" data-element_type=\"container\" data-e-type=\"container\">\n\t\t\t\t<div class=\"elementor-element elementor-element-ee23a2a elementor-widget elementor-widget-text-editor\" data-id=\"ee23a2a\" data-element_type=\"widget\" data-e-type=\"widget\" data-widget_type=\"text-editor.default\">\n\t\t\t\t<div class=\"elementor-widget-container\">\n\t\t\t\t\t\t\t\t\t<p><u>F\u0151bb feladatok:<\/u><\/p><ul><li>vend\u00e9gek fogad\u00e1sa, be- \u00e9s kijelent\u00e9se a sz\u00e1llod\u00e1b\u00f3l a bels\u0151 sztenderdeknek megfelel\u0151en<\/li><li>sz\u00e1llodai szoftver kezel\u00e9se<\/li><li>teljes k\u00f6r\u0171, naprak\u00e9sz inform\u00e1ci\u00f3szolg\u00e1ltat\u00e1s \u00e9s seg\u00edts\u00e9gny\u00fajt\u00e1s a vend\u00e9gek r\u00e9sz\u00e9re<\/li><li>felmer\u00fcl\u0151 vend\u00e9g panaszok kezel\u00e9se<\/li><li>szoros egy\u00fcttm\u0171k\u00f6d\u00e9s a sz\u00e1lloda r\u00e9szlegeivel<\/li><li>vend\u00e9gsz\u00e1ml\u00e1k megnyit\u00e1sa, terhel\u00e9se, fizettet\u00e9se<\/li><li>be\u00e9rkez\u0151 telefonh\u00edv\u00e1sok \u00e9s emailek kezel\u00e9se, szobafoglal\u00e1s seg\u00edt\u00e9se<\/li><li>12 \u00f3r\u00e1s nappali\/ \u00e9s \u00e9jszak\u00e1s m\u0171szak<\/li><\/ul><p>\u00a0<\/p><p><u>Elv\u00e1r\u00e1sok: <\/u><\/p><ul><li>felhaszn\u00e1l\u00f3i szint\u0171 informatikai ismeretek<\/li><li>\u00f6n\u00e1ll\u00f3 munkav\u00e9gz\u00e9s<\/li><li>pozit\u00edv kommunik\u00e1ci\u00f3<\/li><li>bar\u00e1ts\u00e1gos term\u00e9szet<\/li><li>j\u00f3 probl\u00e9mamegold\u00f3 k\u00e9szs\u00e9g<\/li><li>vend\u00e9gcentrikus hozz\u00e1\u00e1ll\u00e1s<\/li><li>megb\u00edzhat\u00f3s\u00e1g<\/li><li>felel\u0151ss\u00e9gteljes munkav\u00e9gz\u00e9s<\/li><\/ul><p>\u00a0<\/p><p><u>El\u0151ny:<\/u><\/p><ul><li>sz\u00e1llodai tapasztalat<\/li><li>tov\u00e1bbi idegen nyelv ismerete<\/li><li>Hostware \/sz\u00e1llodai szoftverek ismerete<\/li><\/ul><p>\u00a0<\/p><p><u>Amit k\u00edn\u00e1lunk:<\/u><\/p><ul><li>teljes munkaidej\u0171 bejelentett munkaviszony<\/li><li>munkanapokon szem\u00e9lyzeti sz\u00e1ll\u00e1s \u00e9s \u00e9tkez\u00e9s, \u00fatik\u00f6lts\u00e9g t\u00e9r\u00edt\u00e9s<\/li><\/ul><p><br \/>F\u00e9nyk\u00e9pes \u00f6n\u00e9letrajzokat k\u00e9r\u00fcnk a munkak\u00f6r megjel\u00f6l\u00e9s\u00e9vel az al\u00e1bbi email c\u00edmre.<\/p><p><a href=\"mailto:invet@t-online.hu\">invet@t-online.hu<\/a><\/p>\t\t\t\t\t\t\t\t<\/div>\n\t\t\t\t<\/div>\n\t\t\t\t<\/div>\n\t\t\t\t\t<\/details>\n\t\t\t\t\t<\/div>\n\t\t\t\t\t\t<\/div>\n\t\t\t\t<\/div>\n\t\t\t\t<\/div>\n\t\t\t\t<\/div>\n\t\t<div class=\"elementor-element elementor-element-2e77601 e-con-full e-flex e-con e-child\" data-id=\"2e77601\" data-element_type=\"container\" data-e-type=\"container\">\n\t\t<div class=\"elementor-element elementor-element-0ff20ed e-con-full e-flex e-con e-child\" data-id=\"0ff20ed\" data-element_type=\"container\" data-e-type=\"container\">\n\t\t\t\t<div class=\"elementor-element elementor-element-955d25e elementor-widget elementor-widget-heading\" data-id=\"955d25e\" data-element_type=\"widget\" data-e-type=\"widget\" data-widget_type=\"heading.default\">\n\t\t\t\t<div class=\"elementor-widget-container\">\n\t\t\t\t\t<h2 class=\"elementor-heading-title elementor-size-default\">K\u00fcldje el jelentkez\u00e9s\u00e9t<\/h2>\t\t\t\t<\/div>\n\t\t\t\t<\/div>\n\t\t\t\t<div class=\"elementor-element elementor-element-31a0051 elementor-widget elementor-widget-text-editor\" data-id=\"31a0051\" data-element_type=\"widget\" data-e-type=\"widget\" data-widget_type=\"text-editor.default\">\n\t\t\t\t<div class=\"elementor-widget-container\">\n\t\t\t\t\t\t\t\t\t<p>K\u00e9rj\u00fck, tekintse meg nyitott poz\u00edci\u00f3inkat!<\/p>\t\t\t\t\t\t\t\t<\/div>\n\t\t\t\t<\/div>\n\t\t<div class=\"elementor-element elementor-element-1fbc3ad e-con-full e-flex e-con e-child\" data-id=\"1fbc3ad\" data-element_type=\"container\" data-e-type=\"container\" data-settings=\"{&quot;background_background&quot;:&quot;classic&quot;}\">\n\t\t\t\t<div class=\"elementor-element elementor-element-554d6c1 elementor-button-align-start form-button elementor-widget elementor-widget-form\" data-id=\"554d6c1\" data-element_type=\"widget\" data-e-type=\"widget\" data-settings=\"{&quot;step_next_label&quot;:&quot;K\\u00f6vetkez\\u0151&quot;,&quot;step_previous_label&quot;:&quot;El\\u0151z\\u0151&quot;,&quot;button_width&quot;:&quot;100&quot;,&quot;step_type&quot;:&quot;number_text&quot;,&quot;step_icon_shape&quot;:&quot;circle&quot;}\" data-widget_type=\"form.default\">\n\t\t\t\t<div class=\"elementor-widget-container\">\n\t\t\t\t\t\t\t<form class=\"elementor-form\" method=\"post\" name=\"Kapcsolat\" aria-label=\"Kapcsolat\">\n\t\t\t<input type=\"hidden\" name=\"post_id\" value=\"598\"\/>\n\t\t\t<input type=\"hidden\" name=\"form_id\" value=\"554d6c1\"\/>\n\t\t\t<input type=\"hidden\" name=\"referer_title\" value=\"Karrier\" \/>\n\n\t\t\t\t\t\t\t<input type=\"hidden\" name=\"queried_id\" value=\"598\"\/>\n\t\t\t\n\t\t\t<div class=\"elementor-form-fields-wrapper elementor-labels-above\">\n\t\t\t\t\t\t\t\t<div class=\"elementor-field-type-text elementor-field-group elementor-column elementor-field-group-nev elementor-col-100 elementor-field-required elementor-mark-required\">\n\t\t\t\t\t\t\t\t\t\t\t\t<label for=\"form-field-nev\" class=\"elementor-field-label\">\n\t\t\t\t\t\t\t\tNeve\t\t\t\t\t\t\t<\/label>\n\t\t\t\t\t\t\t\t\t\t\t\t\t\t<input size=\"1\" type=\"text\" name=\"form_fields[nev]\" id=\"form-field-nev\" class=\"elementor-field elementor-size-sm  elementor-field-textual\" required=\"required\">\n\t\t\t\t\t\t\t\t\t\t\t<\/div>\n\t\t\t\t\t\t\t\t<div class=\"elementor-field-type-email elementor-field-group elementor-column elementor-field-group-email elementor-col-100 elementor-field-required elementor-mark-required\">\n\t\t\t\t\t\t\t\t\t\t\t\t<label for=\"form-field-email\" class=\"elementor-field-label\">\n\t\t\t\t\t\t\t\tE-mail c\u00edme\t\t\t\t\t\t\t<\/label>\n\t\t\t\t\t\t\t\t\t\t\t\t\t\t<input size=\"1\" type=\"email\" name=\"form_fields[email]\" id=\"form-field-email\" class=\"elementor-field elementor-size-sm  elementor-field-textual\" required=\"required\">\n\t\t\t\t\t\t\t\t\t\t\t<\/div>\n\t\t\t\t\t\t\t\t<div class=\"elementor-field-type-text elementor-field-group elementor-column elementor-field-group-telefon elementor-col-100 elementor-field-required elementor-mark-required\">\n\t\t\t\t\t\t\t\t\t\t\t\t<label for=\"form-field-telefon\" class=\"elementor-field-label\">\n\t\t\t\t\t\t\t\tTelefonsz\u00e1ma\t\t\t\t\t\t\t<\/label>\n\t\t\t\t\t\t\t\t\t\t\t\t\t\t<input size=\"1\" type=\"text\" name=\"form_fields[telefon]\" id=\"form-field-telefon\" class=\"elementor-field elementor-size-sm  elementor-field-textual\" required=\"required\">\n\t\t\t\t\t\t\t\t\t\t\t<\/div>\n\t\t\t\t\t\t\t\t<div class=\"elementor-field-type-textarea elementor-field-group elementor-column elementor-field-group-megjegyzes elementor-col-100 elementor-field-required elementor-mark-required\">\n\t\t\t\t\t\t\t\t\t\t\t\t<label for=\"form-field-megjegyzes\" class=\"elementor-field-label\">\n\t\t\t\t\t\t\t\tMegjegyz\u00e9s\t\t\t\t\t\t\t<\/label>\n\t\t\t\t\t\t<textarea class=\"elementor-field-textual elementor-field  elementor-size-sm\" name=\"form_fields[megjegyzes]\" id=\"form-field-megjegyzes\" rows=\"6\" required=\"required\"><\/textarea>\t\t\t\t<\/div>\n\t\t\t\t\t\t\t\t<div class=\"elementor-field-type-upload elementor-field-group elementor-column elementor-field-group-csatolmany elementor-col-100 elementor-field-required elementor-mark-required\">\n\t\t\t\t\t\t\t\t\t\t\t\t<label for=\"form-field-csatolmany\" class=\"elementor-field-label\">\n\t\t\t\t\t\t\t\t\u00d6n\u00e9letrajz felt\u00f6lt\u00e9se\t\t\t\t\t\t\t<\/label>\n\t\t\t\t\t\t\t\t<input type=\"file\" name=\"form_fields[csatolmany]\" id=\"form-field-csatolmany\" class=\"elementor-field elementor-size-sm  elementor-upload-field\" required=\"required\" data-maxsize=\"10\" data-maxsize-message=\"This file exceeds the maximum allowed size.\">\n\n\t\t\t\t\t\t<\/div>\n\t\t\t\t\t\t\t\t<div class=\"elementor-field-type-html elementor-field-group elementor-column elementor-field-group-field_7f84d06 elementor-col-100\">\n\t\t\t\t\t<div style=\"background: var( --e-global-color-a8b338e ) ;height: 1px;\"><\/div>\t\t\t\t<\/div>\n\t\t\t\t\t\t\t\t<div class=\"elementor-field-type-acceptance elementor-field-group elementor-column elementor-field-group-adatvedelem elementor-col-100 elementor-field-required elementor-mark-required\">\n\t\t\t\t\t\t\t\t\t\t\t\t<label for=\"form-field-adatvedelem\" class=\"elementor-field-label\">\n\t\t\t\t\t\t\t\tAdatv\u00e9delem\t\t\t\t\t\t\t<\/label>\n\t\t\t\t\t\t\t\t<div class=\"elementor-field-subgroup\">\n\t\t\t<span class=\"elementor-field-option\">\n\t\t\t\t<input type=\"checkbox\" name=\"form_fields[adatvedelem]\" id=\"form-field-adatvedelem\" class=\"elementor-field elementor-size-sm  elementor-acceptance-field\" required=\"required\">\n\t\t\t\t<label for=\"form-field-adatvedelem\">Az <a href=\"https:\/\/vecsecity.hu\/adatkezelesi-tajekoztato\/\" target=\"_blank\">adatkezel\u00e9si t\u00e1j\u00e9koztat\u00f3t<\/a> elolvastam \u00e9s elfogadom.<\/label>\t\t\t<\/span>\n\t\t<\/div>\n\t\t\t\t\t\t<\/div>\n\t\t\t\t\t\t\t\t<div class=\"elementor-field-type-recaptcha_v3 elementor-field-group elementor-column elementor-field-group-recaptcha elementor-col-100 recaptcha_v3-inline\">\n\t\t\t\t\t<div class=\"elementor-field\" id=\"form-field-recaptcha\"><div class=\"elementor-g-recaptcha\" data-sitekey=\"6Le_3R8qAAAAACCb5bLgQpTCo-b31IxJGq9c2NTR\" data-type=\"v3\" data-action=\"Form\" data-badge=\"inline\" data-size=\"invisible\"><\/div><\/div>\t\t\t\t<\/div>\n\t\t\t\t\t\t\t\t<div class=\"elementor-field-group elementor-column elementor-field-type-submit elementor-col-100 e-form__buttons\">\n\t\t\t\t\t<button class=\"elementor-button elementor-size-sm\" type=\"submit\">\n\t\t\t\t\t\t<span class=\"elementor-button-content-wrapper\">\n\t\t\t\t\t\t\t\t\t\t\t\t\t\t\t<span class=\"elementor-button-icon\">\n\t\t\t\t\t\t\t\t\t<svg xmlns=\"http:\/\/www.w3.org\/2000\/svg\" width=\"29\" height=\"6\" viewBox=\"0 0 29 6\" fill=\"none\"><path d=\"M28.2828 3.28284C28.4391 3.12663 28.4391 2.87337 28.2828 2.71716L25.7373 0.171573C25.581 0.0153632 25.3278 0.0153632 25.1716 0.171573C25.0154 0.327783 25.0154 0.581048 25.1716 0.737258L27.4343 3L25.1716 5.26274C25.0154 5.41895 25.0154 5.67222 25.1716 5.82843C25.3278 5.98464 25.581 5.98464 25.7373 5.82843L28.2828 3.28284ZM0 3.4H28V2.6H0V3.4Z\" fill=\"#D7B46A\"><\/path><\/svg>\t\t\t\t\t\t\t\t\t\t\t\t\t\t\t\t\t<\/span>\n\t\t\t\t\t\t\t\t\t\t\t\t\t\t\t\t\t\t\t\t\t\t<span class=\"elementor-button-text\">K\u00fcld\u00e9s<\/span>\n\t\t\t\t\t\t\t\t\t\t\t\t\t<\/span>\n\t\t\t\t\t<\/button>\n\t\t\t\t<\/div>\n\t\t\t<\/div>\n\t\t<\/form>\n\t\t\t\t\t\t<\/div>\n\t\t\t\t<\/div>\n\t\t\t\t<\/div>\n\t\t\t\t<\/div>\n\t\t\t\t<\/div>\n\t\t\t\t<\/div>\n\t\t\t\t\t<\/div>\n\t\t\t\t<\/div>\n\t\t\t\t<\/div>\n\t\t","protected":false},"excerpt":{"rendered":"<p>Karrier Nyitott poz\u00edci\u00f3k K\u00e9rd\u00e9se van, vagy seg\u00edts\u00e9gre van sz\u00fcks\u00e9ge? Forduljon hozz\u00e1nk. Szak\u00e1cs F\u0151bb feladatok: a sz\u00e1lloda k\u00edn\u00e1lat\u00e1ban szerepl\u0151 \u00e9telek recept\u00fara szerinti elk\u00e9sz\u00edt\u00e9se tiszta \u00e9s \u00e1tl\u00e1that\u00f3 munkater\u00fclet folyamatos fenntart\u00e1sa g\u00e9pek \u00e9s berendez\u00e9sek el\u0151\u00edr\u00e1sszer\u0171 haszn\u00e1lata, tiszt\u00e1n tart\u00e1sa az elk\u00e9sz\u00edtett \u00e9telek adagol\u00e1sa, t\u00e1lal\u00e1sa, d\u00edsz\u00edt\u00e9se \u00e9s t\u00e1rol\u00e1sa a HACCP-nek megfelel\u0151en egy\u00fcttm\u0171k\u00f6d\u00e9s a sz\u00e1lloda vend\u00e9gl\u00e1t\u00f3egys\u00e9geivel kreat\u00edv munkav\u00e9gz\u00e9s \u00a0 Elv\u00e1r\u00e1sok: szakmai [&hellip;]<\/p>\n","protected":false},"author":1,"featured_media":0,"parent":0,"menu_order":0,"comment_status":"closed","ping_status":"closed","template":"","meta":{"_seopress_robots_primary_cat":"","_seopress_titles_title":"","_seopress_titles_desc":"","_seopress_robots_index":"","footnotes":""},"class_list":["post-598","page","type-page","status-publish","hentry"],"_links":{"self":[{"href":"https:\/\/vecsecity.hu\/sk\/wp-json\/wp\/v2\/pages\/598","targetHints":{"allow":["GET"]}}],"collection":[{"href":"https:\/\/vecsecity.hu\/sk\/wp-json\/wp\/v2\/pages"}],"about":[{"href":"https:\/\/vecsecity.hu\/sk\/wp-json\/wp\/v2\/types\/page"}],"author":[{"embeddable":true,"href":"https:\/\/vecsecity.hu\/sk\/wp-json\/wp\/v2\/users\/1"}],"replies":[{"embeddable":true,"href":"https:\/\/vecsecity.hu\/sk\/wp-json\/wp\/v2\/comments?post=598"}],"version-history":[{"count":103,"href":"https:\/\/vecsecity.hu\/sk\/wp-json\/wp\/v2\/pages\/598\/revisions"}],"predecessor-version":[{"id":3873,"href":"https:\/\/vecsecity.hu\/sk\/wp-json\/wp\/v2\/pages\/598\/revisions\/3873"}],"wp:attachment":[{"href":"https:\/\/vecsecity.hu\/sk\/wp-json\/wp\/v2\/media?parent=598"}],"curies":[{"name":"wp","href":"https:\/\/api.w.org\/{rel}","templated":true}]}}